{"id":18,"date":"2024-12-06T11:07:44","date_gmt":"2024-12-06T11:07:44","guid":{"rendered":"https:\/\/dmsk.fi\/?page_id=18"},"modified":"2026-04-08T16:30:32","modified_gmt":"2026-04-08T16:30:32","slug":"foreningen","status":"publish","type":"page","link":"https:\/\/dmsk.fi\/fi\/foreningen\/","title":{"rendered":"Yhdistys"},"content":{"rendered":"<p>[et_pb_section fb_built=&#8221;1&#8243; _builder_version=&#8221;4.27.4&#8243; _module_preset=&#8221;default&#8221; background_image=&#8221;https:\/\/dmsk.fi\/wp-content\/uploads\/2024\/12\/DSC6426.jpg&#8221; background_position=&#8221;bottom_center&#8221; min_height=&#8221;344px&#8221; locked=&#8221;off&#8221; global_colors_info=&#8221;{}&#8221;][\/et_pb_section][et_pb_section fb_built=&#8221;1&#8243; next_background_color=&#8221;#768EA8&#8243; _builder_version=&#8221;4.27.4&#8243; _module_preset=&#8221;default&#8221; bottom_divider_style=&#8221;waves2&#8243; bottom_divider_height=&#8221;44px&#8221; locked=&#8221;off&#8221; global_colors_info=&#8221;{}&#8221;][et_pb_row _builder_version=&#8221;4.27.4&#8243; _module_preset=&#8221;default&#8221; global_colors_info=&#8221;{}&#8221;][et_pb_column type=&#8221;4_4&#8243; _builder_version=&#8221;4.27.4&#8243; _module_preset=&#8221;default&#8221; global_colors_info=&#8221;{}&#8221;][et_pb_heading title=&#8221;F\u00f6reningen&#8221; _builder_version=&#8221;4.27.4&#8243; _module_preset=&#8221;default&#8221; global_colors_info=&#8221;{}&#8221;][\/et_pb_heading][et_pb_text _builder_version=&#8221;4.27.4&#8243; _module_preset=&#8221;default&#8221; text_text_color=&#8221;#000000&#8243; global_colors_info=&#8221;{}&#8221;]<\/p>\n<p>Dalsbruk Motor- &amp; Segelklubb r.f. grundades i Dalsbruk 1952 och har idag \u00f6ver 80 medlemmar. F\u00f6reningen uppmuntrar till ett aktivt b\u00e5tliv f\u00f6r s\u00e5v\u00e4l motorb\u00e5tar som segelb\u00e5tar och ordnar t\u00e4vlingar och andra aktiviteter samt fr\u00e4mjar b\u00e5tsporten p\u00e5 orten. I dom ursprungliga stadgarna fr\u00e5n 1952 st\u00e5r att l\u00e4sa bl.a. f\u00f6ljande:<\/p>\n<p><em>\u201dDalsbruk Motor- &amp; Segelklubb, vilken en tv\u00e5spr\u00e5kig svensk-finsk opolitisk f\u00f6rening med hemort Dalsbruk i Dragsfj\u00e4rds kommun, har till \u00e4ndam\u00e5l att genom anst\u00e4llandet av \u00f6vningar, t\u00e4vlingar och andra utf\u00e4rder i sk\u00e4rg\u00e5rden, samt genom andra likadana medel sprida kunskap om de f\u00f6rsta grunderna i sj\u00f6v\u00e4sendet\u201d<\/em><\/p>\n<p>DMSK h\u00f6r till takorganisationen Segling och B\u00e5tsport i Finland r.f. Alla v\u00e5ra medlemmar f\u00e5r nyttja f\u00f6rbundets medlemsf\u00f6rm\u00e5ner.<\/p>\n<p>Har du intresse f\u00f6r b\u00e5tliv och vill bli medlem \u2013 tag kontakt med oss s\u00e5 ber\u00e4ttar vi mera!<\/p>\n<p>[\/et_pb_text][\/et_pb_column][\/et_pb_row][\/et_pb_section][et_pb_section fb_built=&#8221;1&#8243; _builder_version=&#8221;4.27.4&#8243; _module_preset=&#8221;default&#8221; background_color=&#8221;#768EA8&#8243; top_divider_height=&#8221;30px&#8221; global_colors_info=&#8221;{}&#8221;][et_pb_row _builder_version=&#8221;4.27.4&#8243; _module_preset=&#8221;default&#8221; background_color=&#8221;#FFFFFF&#8221; custom_padding=&#8221;30px|30px|0px|30px|false|true&#8221; global_colors_info=&#8221;{}&#8221;][et_pb_column type=&#8221;4_4&#8243; _builder_version=&#8221;4.27.4&#8243; _module_preset=&#8221;default&#8221; global_colors_info=&#8221;{}&#8221;][et_pb_heading title=&#8221;Kommodor, styrelse och funktion\u00e4rer&#8221; _builder_version=&#8221;4.27.4&#8243; _module_preset=&#8221;default&#8221; title_text_color=&#8221;#000000&#8243; title_font_size=&#8221;20px&#8221; global_colors_info=&#8221;{}&#8221;][\/et_pb_heading][\/et_pb_column][\/et_pb_row][et_pb_row column_structure=&#8221;1_6,1_6,1_6,1_6,1_6,1_6&#8243; _builder_version=&#8221;4.27.4&#8243; _module_preset=&#8221;default&#8221; background_color=&#8221;#FFFFFF&#8221; custom_padding=&#8221;30px|30px|0px|30px|false|true&#8221; global_colors_info=&#8221;{}&#8221;][et_pb_column type=&#8221;1_6&#8243; _builder_version=&#8221;4.27.4&#8243; _module_preset=&#8221;default&#8221; global_colors_info=&#8221;{}&#8221;][et_pb_team_member name=&#8221;Ulf Holmlund&#8221; position=&#8221;Kommodor&#8221; image_url=&#8221;https:\/\/dmsk.fi\/wp-content\/uploads\/2025\/05\/UH-e1747075806115.png&#8221; _builder_version=&#8221;4.27.4&#8243; _module_preset=&#8221;default&#8221; header_text_color=&#8221;#000000&#8243; body_text_color=&#8221;#000000&#8243; position_text_color=&#8221;#768EA8&#8243; max_height_tablet=&#8221;&#8221; max_height_phone=&#8221;&#8221; max_height_last_edited=&#8221;on|phone&#8221; global_colors_info=&#8221;{}&#8221;]<\/p>\n<p>040 0581 987<br \/>info[at]dmsk.fi<\/p>\n<p>&nbsp;<\/p>\n<p>[\/et_pb_team_member][\/et_pb_column][et_pb_column type=&#8221;1_6&#8243; _builder_version=&#8221;4.27.4&#8243; _module_preset=&#8221;default&#8221; global_colors_info=&#8221;{}&#8221;][et_pb_team_member name=&#8221;Roger Othman&#8221; position=&#8221;Vicekommodor&#8221; image_url=&#8221;https:\/\/dmsk.fi\/wp-content\/uploads\/2025\/03\/P8100362-e1743354621846.jpg&#8221; _builder_version=&#8221;4.27.4&#8243; _module_preset=&#8221;default&#8221; header_text_color=&#8221;#000000&#8243; body_text_color=&#8221;#000000&#8243; position_text_color=&#8221;#768EA8&#8243; global_colors_info=&#8221;{}&#8221;]<\/p>\n<p>040 0530 277<\/p>\n<p>&nbsp;<\/p>\n<p>[\/et_pb_team_member][\/et_pb_column][et_pb_column type=&#8221;1_6&#8243; _builder_version=&#8221;4.27.4&#8243; _module_preset=&#8221;default&#8221; global_colors_info=&#8221;{}&#8221;][et_pb_team_member name=&#8221;Ola Lindholm&#8221; position=&#8221;Sekreterare&#8221; image_url=&#8221;https:\/\/dmsk.fi\/wp-content\/uploads\/2025\/05\/Ola-3-scaled-e1747241176367.jpg&#8221; _builder_version=&#8221;4.27.4&#8243; _module_preset=&#8221;default&#8221; header_text_color=&#8221;#000000&#8243; body_text_color=&#8221;#000000&#8243; position_text_color=&#8221;#768EA8&#8243; global_colors_info=&#8221;{}&#8221;]<\/p>\n<p>044 0425 825<br \/>info[at]dmsk.fi<\/p>\n<p>&nbsp;<\/p>\n<p>[\/et_pb_team_member][\/et_pb_column][et_pb_column type=&#8221;1_6&#8243; _builder_version=&#8221;4.27.4&#8243; _module_preset=&#8221;default&#8221; global_colors_info=&#8221;{}&#8221;][et_pb_team_member name=&#8221;Jan Heinonen&#8221; position=&#8221;Styrelsemedlem&#8221; image_url=&#8221;https:\/\/dmsk.fi\/wp-content\/uploads\/2025\/05\/Jan-2-scaled-e1747241624829.jpg&#8221; _builder_version=&#8221;4.27.4&#8243; _module_preset=&#8221;default&#8221; header_text_color=&#8221;#000000&#8243; body_text_color=&#8221;#000000&#8243; position_text_color=&#8221;#768EA8&#8243; global_colors_info=&#8221;{}&#8221;]<\/p>\n<p>040 5181 281<\/p>\n<p>&nbsp;<\/p>\n<p>[\/et_pb_team_member][\/et_pb_column][et_pb_column type=&#8221;1_6&#8243; _builder_version=&#8221;4.27.4&#8243; _module_preset=&#8221;default&#8221; global_colors_info=&#8221;{}&#8221;][et_pb_team_member name=&#8221;Ismo Salokannel&#8221; position=&#8221;Styrelsemedlem&#8221; image_url=&#8221;https:\/\/dmsk.fi\/wp-content\/uploads\/2025\/05\/Ismo-2-scaled-e1747241790771.jpg&#8221; _builder_version=&#8221;4.27.4&#8243; _module_preset=&#8221;default&#8221; header_text_color=&#8221;#000000&#8243; body_text_color=&#8221;#000000&#8243; position_text_color=&#8221;#768EA8&#8243; global_colors_info=&#8221;{}&#8221;]<\/p>\n<p>040 00 00 000<\/p>\n<p>&nbsp;<\/p>\n<p>[\/et_pb_team_member][\/et_pb_column][et_pb_column type=&#8221;1_6&#8243; _builder_version=&#8221;4.27.4&#8243; _module_preset=&#8221;default&#8221; global_colors_info=&#8221;{}&#8221;][et_pb_team_member name=&#8221;Johan Lindroos&#8221; position=&#8221;Styrelsemedlem&#8221; _builder_version=&#8221;4.27.6&#8243; _module_preset=&#8221;default&#8221; header_text_color=&#8221;#000000&#8243; body_text_color=&#8221;#000000&#8243; position_text_color=&#8221;#768EA8&#8243; global_colors_info=&#8221;{}&#8221;][\/et_pb_team_member][\/et_pb_column][\/et_pb_row][et_pb_row _builder_version=&#8221;4.27.4&#8243; _module_preset=&#8221;default&#8221; background_color=&#8221;#FFFFFF&#8221; custom_padding=&#8221;0px|30px|0px|30px|false|true&#8221; global_colors_info=&#8221;{}&#8221;][et_pb_column type=&#8221;4_4&#8243; _builder_version=&#8221;4.27.4&#8243; _module_preset=&#8221;default&#8221; global_colors_info=&#8221;{}&#8221;][et_pb_heading title=&#8221;Funktion\u00e4rer utanf\u00f6r styrelsen&#8221; _builder_version=&#8221;4.27.4&#8243; _module_preset=&#8221;default&#8221; title_text_color=&#8221;#000000&#8243; title_font_size=&#8221;20px&#8221; global_colors_info=&#8221;{}&#8221;][\/et_pb_heading][\/et_pb_column][\/et_pb_row][et_pb_row column_structure=&#8221;1_6,1_6,1_6,1_6,1_6,1_6&#8243; _builder_version=&#8221;4.27.4&#8243; _module_preset=&#8221;default&#8221; background_color=&#8221;#FFFFFF&#8221; custom_padding=&#8221;30px|30px|0px|30px|false|true&#8221; global_colors_info=&#8221;{}&#8221;][et_pb_column type=&#8221;1_6&#8243; _builder_version=&#8221;4.27.4&#8243; _module_preset=&#8221;default&#8221; global_colors_info=&#8221;{}&#8221;][et_pb_team_member name=&#8221;Robert %22Bobby%22 Iver&#8221; position=&#8221;Besiktnings- ansvarig&#8221; image_url=&#8221;https:\/\/dmsk.fi\/wp-content\/uploads\/2025\/06\/bobby.jpg&#8221; _builder_version=&#8221;4.27.4&#8243; _module_preset=&#8221;default&#8221; header_text_color=&#8221;#000000&#8243; body_text_color=&#8221;#000000&#8243; position_text_color=&#8221;#768EA8&#8243; global_colors_info=&#8221;{}&#8221;]<\/p>\n<p>040 735 8235<br \/>bobby[at]pp.inet.fi<\/p>\n<p>&nbsp;<\/p>\n<p>[\/et_pb_team_member][\/et_pb_column][et_pb_column type=&#8221;1_6&#8243; _builder_version=&#8221;4.27.4&#8243; _module_preset=&#8221;default&#8221; global_colors_info=&#8221;{}&#8221;][et_pb_team_member name=&#8221;Kristoffer %22Kiko%22 Othman&#8221; position=&#8221;Besiktare&#8221; image_url=&#8221;data:image\/svg+xml;base64,PHN2ZyB3aWR0aD0iNTAwIiBoZWlnaHQ9IjUwMCIgdmlld0JveD0iMCAwIDUwMCA1MDAiIHhtbG5zPSJodHRwOi8vd3d3LnczLm9yZy8yMDAwL3N2ZyI+CiAgICA8ZyBmaWxsPSJub25lIiBmaWxsLXJ1bGU9ImV2ZW5vZGQiPgogICAgICAgIDxwYXRoIGZpbGw9IiNFQkVCRUIiIGQ9Ik0wIDBoNTAwdjUwMEgweiIvPgogICAgICAgIDxyZWN0IGZpbGwtb3BhY2l0eT0iLjEiIGZpbGw9IiMwMDAiIHg9IjY4IiB5PSIzMDUiIHdpZHRoPSIzNjQiIGhlaWdodD0iNTY4IiByeD0iMTgyIi8+CiAgICAgICAgPGNpcmNsZSBmaWxsLW9wYWNpdHk9Ii4xIiBmaWxsPSIjMDAwIiBjeD0iMjQ5IiBjeT0iMTcyIiByPSIxMDAiLz4KICAgIDwvZz4KPC9zdmc+Cg==&#8221; _builder_version=&#8221;4.27.4&#8243; _module_preset=&#8221;default&#8221; header_text_color=&#8221;#000000&#8243; body_text_color=&#8221;#000000&#8243; position_text_color=&#8221;#768EA8&#8243; global_colors_info=&#8221;{}&#8221;]<\/p>\n<p>040 00 00 000<br \/>info[at]dmsk.fi<\/p>\n<p>&nbsp;<\/p>\n<p>[\/et_pb_team_member][\/et_pb_column][et_pb_column type=&#8221;1_6&#8243; _builder_version=&#8221;4.27.4&#8243; _module_preset=&#8221;default&#8221; global_colors_info=&#8221;{}&#8221;][et_pb_team_member name=&#8221;Seidi Lindroos&#8221; position=&#8221;Skattm\u00e4stare&#8221; image_url=&#8221;data:image\/svg+xml;base64,PHN2ZyB3aWR0aD0iNTAwIiBoZWlnaHQ9IjUwMCIgdmlld0JveD0iMCAwIDUwMCA1MDAiIHhtbG5zPSJodHRwOi8vd3d3LnczLm9yZy8yMDAwL3N2ZyI+CiAgICA8ZyBmaWxsPSJub25lIiBmaWxsLXJ1bGU9ImV2ZW5vZGQiPgogICAgICAgIDxwYXRoIGZpbGw9IiNFQkVCRUIiIGQ9Ik0wIDBoNTAwdjUwMEgweiIvPgogICAgICAgIDxyZWN0IGZpbGwtb3BhY2l0eT0iLjEiIGZpbGw9IiMwMDAiIHg9IjY4IiB5PSIzMDUiIHdpZHRoPSIzNjQiIGhlaWdodD0iNTY4IiByeD0iMTgyIi8+CiAgICAgICAgPGNpcmNsZSBmaWxsLW9wYWNpdHk9Ii4xIiBmaWxsPSIjMDAwIiBjeD0iMjQ5IiBjeT0iMTcyIiByPSIxMDAiLz4KICAgIDwvZz4KPC9zdmc+Cg==&#8221; _builder_version=&#8221;4.27.4&#8243; _module_preset=&#8221;default&#8221; header_text_color=&#8221;#000000&#8243; body_text_color=&#8221;#000000&#8243; position_text_color=&#8221;#768EA8&#8243; global_colors_info=&#8221;{}&#8221;]<\/p>\n<p>&nbsp;<\/p>\n<p>&nbsp;<\/p>\n<p>[\/et_pb_team_member][\/et_pb_column][et_pb_column type=&#8221;1_6&#8243; _builder_version=&#8221;4.27.4&#8243; _module_preset=&#8221;default&#8221; global_colors_info=&#8221;{}&#8221;][\/et_pb_column][et_pb_column type=&#8221;1_6&#8243; _builder_version=&#8221;4.27.4&#8243; _module_preset=&#8221;default&#8221; global_colors_info=&#8221;{}&#8221;][\/et_pb_column][et_pb_column type=&#8221;1_6&#8243; _builder_version=&#8221;4.27.4&#8243; _module_preset=&#8221;default&#8221; global_colors_info=&#8221;{}&#8221;][\/et_pb_column][\/et_pb_row][et_pb_row _builder_version=&#8221;4.27.4&#8243; _module_preset=&#8221;default&#8221; global_colors_info=&#8221;{}&#8221;][et_pb_column type=&#8221;4_4&#8243; _builder_version=&#8221;4.27.4&#8243; _module_preset=&#8221;default&#8221; background_color=&#8221;#FFFFFF&#8221; custom_padding=&#8221;30px|30px|30px|30px|false|false&#8221; global_colors_info=&#8221;{}&#8221;][et_pb_text _builder_version=&#8221;4.27.4&#8243; _module_preset=&#8221;default&#8221; text_text_color=&#8221;#000000&#8243; locked=&#8221;off&#8221; global_colors_info=&#8221;{}&#8221;]<\/p>\n<h4><strong>Medlems- och b\u00e5tavgifter<\/strong><\/h4>\n<p>H\u00f6stm\u00f6tet fastsl\u00e5r f\u00f6ljande \u00e5r medlems- och b\u00e5tavgifter. Avgifterna f\u00f6r verksamhets\u00e5ret 2026 \u00e4r of\u00f6r\u00e4ndrade fr\u00e5n senaste \u00e5r:<\/p>\n<p>Medlemsavgift: 40 eur\/medlem<\/p>\n<p>Inskrivningsavgift: 50 eur<\/p>\n<p>B\u00e5tavgift: 40 eur\/b\u00e5t<br \/>I b\u00e5tavgiften ing\u00e5r b\u00e5tens grund- och \u00e5rsbesiktning. Se n\u00e4rmare om besiktningar under menyn &#8221;Besiktning&#8221;<\/p>\n<p>Medlemsavgifter och b\u00e5tavgifter faktureras under april-maj m\u00e5nad.<\/p>\n<p>Besiktningar av b\u00e5tar vars \u00e4gare \u00e4r medlemmars i andra klubbar: 80 eur\/besiktning<strong><\/strong><\/p>\n<p>[\/et_pb_text][\/et_pb_column][\/et_pb_row][et_pb_row _builder_version=&#8221;4.27.4&#8243; _module_preset=&#8221;default&#8221; global_colors_info=&#8221;{}&#8221;][et_pb_column type=&#8221;4_4&#8243; _builder_version=&#8221;4.27.4&#8243; _module_preset=&#8221;default&#8221; background_color=&#8221;#FFFFFF&#8221; custom_padding=&#8221;30px|30px|30px|30px|false|false&#8221; global_colors_info=&#8221;{}&#8221;][et_pb_text _builder_version=&#8221;4.27.6&#8243; _module_preset=&#8221;default&#8221; text_text_color=&#8221;#000000&#8243; hover_enabled=&#8221;0&#8243; locked=&#8221;off&#8221; global_colors_info=&#8221;{}&#8221; sticky_enabled=&#8221;0&#8243;]<\/p>\n<h4><strong>Verksamhetsplaner\u00a0och ber\u00e4ttelser<\/strong><\/h4>\n<p><strong><a href=\"https:\/\/dmsk.fi\/wp-content\/uploads\/2026\/04\/DMSK-Verksamhetsplan-2026.pdf\" target=\"_blank\" rel=\"noopener\">Verksamhetsplan 2026<\/a><br \/><\/strong><strong><a href=\"https:\/\/dmsk.fi\/wp-content\/uploads\/2025\/05\/DMSK-Verksamhetsplan-2025.pdf\" target=\"_blank\" rel=\"noopener\">Verksamhetsplan 2025<\/a><br \/><a href=\"https:\/\/dmsk.fi\/wp-content\/uploads\/2025\/05\/DMSK-Verksamhetsplan-2024.pdf\" target=\"_blank\" rel=\"noopener\">Verksamhetsplan 2024<\/a><br \/><a href=\"https:\/\/dmsk.fi\/wp-content\/uploads\/2025\/05\/DMSK-Verksamhetsplan-2023.pdf\" target=\"_blank\" rel=\"noopener\">Verksamhetsplan 2023<\/a><\/strong><\/p>\n<p><strong><a href=\"https:\/\/dmsk.fi\/wp-content\/uploads\/2025\/05\/DMSK-Verksamhetsberattelse-2024.pdf\" target=\"_blank\" rel=\"noopener\">Verksamhetsber\u00e4ttelse 2024<\/a><br \/><\/strong><strong><a href=\"https:\/\/dmsk.fi\/wp-content\/uploads\/2025\/05\/DMSK-Verksamhetsberattelse-2023.pdf\" target=\"_blank\" rel=\"noopener\">Verksamhetsber\u00e4ttelse 2023<\/a><br \/><\/strong><strong><\/strong><strong><a href=\"https:\/\/dmsk.fi\/wp-content\/uploads\/2025\/05\/DMSK-Verksamhetsberattelse-2022.pdf\" target=\"_blank\" rel=\"noopener\">Verksamhetsber\u00e4ttelse 2022<\/a><\/strong><\/p>\n<p>[\/et_pb_text][\/et_pb_column][\/et_pb_row][et_pb_row column_structure=&#8221;1_2,1_2&#8243; _builder_version=&#8221;4.27.4&#8243; _module_preset=&#8221;default&#8221; background_color=&#8221;#FFFFFF&#8221; custom_padding=&#8221;5px|||||&#8221; locked=&#8221;off&#8221; global_colors_info=&#8221;{}&#8221;][et_pb_column type=&#8221;1_2&#8243; _builder_version=&#8221;4.27.4&#8243; _module_preset=&#8221;default&#8221; background_color=&#8221;#FFFFFF&#8221; custom_padding=&#8221;30px|30px|30px|30px|false|false&#8221; global_colors_info=&#8221;{}&#8221;][et_pb_text _builder_version=&#8221;4.27.6&#8243; _module_preset=&#8221;default&#8221; text_text_color=&#8221;#000000&#8243; locked=&#8221;off&#8221; global_colors_info=&#8221;{}&#8221;]<\/p>\n<h4><strong>F\u00f6reningsm\u00f6ten<\/strong><\/h4>\n<p><strong><\/strong><\/p>\n<p><strong><a href=\"https:\/\/dmsk.fi\/wp-content\/uploads\/2026\/04\/DMSK-Hostmote-protokoll-2025.pdf\" target=\"_blank\" rel=\"noopener\">2025 &#8211; H\u00f6stm\u00f6te<\/a><br \/><a href=\"https:\/\/dmsk.fi\/wp-content\/uploads\/2025\/05\/DMSK-Varmote-protokoll-2025.pdf\" target=\"_blank\" rel=\"noopener\">2025 &#8211; V\u00e5rm\u00f6te<\/a><br \/><\/strong><strong><\/strong><strong><a href=\"https:\/\/dmsk.fi\/wp-content\/uploads\/2025\/05\/DMSK-Hostmote-protokoll-2024.pdf\" target=\"_blank\" rel=\"noopener\">2024 &#8211; H\u00f6stm\u00f6te<\/a><br \/><\/strong><strong><a href=\"https:\/\/dmsk.fi\/wp-content\/uploads\/2025\/05\/DMSK-Varmote-protokoll-2024.pdf\" target=\"_blank\" rel=\"noopener\">2024 &#8211; \u00c5rs- och v\u00e5rm\u00f6te<\/a><br \/><\/strong><strong><a href=\"https:\/\/dmsk.fi\/wp-content\/uploads\/2025\/05\/DMSK-Varmote-extra-protokoll-2024.pdf\" target=\"_blank\" rel=\"noopener\">2023 &#8211; Extra m\u00f6te, stadge\u00e4ndringar<\/a><br \/><a href=\"https:\/\/dmsk.fi\/wp-content\/uploads\/2025\/05\/DMSK-Varmote-protokoll-2023.pdf\" target=\"_blank\" rel=\"noopener\">2023 &#8211; \u00c5rs- och v\u00e5rm\u00f6te<\/a><br \/><a href=\"https:\/\/dmsk.fi\/wp-content\/uploads\/2025\/03\/2023-prot-arsmote-val-o-budget.pdf\" target=\"_blank\" rel=\"noopener\"><\/a><br \/><\/strong><strong><\/strong><\/p>\n<h4><strong><\/strong><strong><\/strong><strong>Stadgar<\/strong><\/h4>\n<p><strong><a href=\"https:\/\/dmsk.fi\/wp-content\/uploads\/2025\/03\/DMSK_Stadgar.pdf\" target=\"_blank\" rel=\"noopener\">Stadgar 29.10.2024<\/a><\/strong><\/p>\n<h4><strong>Dataskyddsbeskrivning<\/strong><\/h4>\n<p><strong><\/strong><\/p>\n<p><strong><\/strong><\/p>\n<p>[\/et_pb_text][\/et_pb_column][et_pb_column type=&#8221;1_2&#8243; _builder_version=&#8221;4.27.4&#8243; _module_preset=&#8221;default&#8221; background_color=&#8221;#FFFFFF&#8221; custom_padding=&#8221;30px|30px|30px|30px|false|false&#8221; global_colors_info=&#8221;{}&#8221;][et_pb_image src=&#8221;https:\/\/dmsk.fi\/wp-content\/uploads\/2025\/03\/DSC01074-scaled.jpg&#8221; title_text=&#8221;DSC01074&#8243; _builder_version=&#8221;4.27.4&#8243; _module_preset=&#8221;default&#8221; global_colors_info=&#8221;{}&#8221;][\/et_pb_image][\/et_pb_column][\/et_pb_row][\/et_pb_section]<\/p>\n","protected":false},"excerpt":{"rendered":"<p>Dalsbruk Motor- &amp; Segelklubb r.f. grundades i Dalsbruk 1952 och har idag \u00f6ver 80 medlemmar. F\u00f6reningen uppmuntrar till ett aktivt b\u00e5tliv f\u00f6r s\u00e5v\u00e4l motorb\u00e5tar som segelb\u00e5tar och ordnar t\u00e4vlingar och andra aktiviteter samt fr\u00e4mjar b\u00e5tsporten p\u00e5 orten. I dom ursprungliga stadgarna fr\u00e5n 1952 st\u00e5r att l\u00e4sa bl.a. f\u00f6ljande: \u201dDalsbruk Motor- &amp; Segelklubb, vilken en tv\u00e5spr\u00e5kig [&hellip;]<\/p>\n","protected":false},"author":1,"featured_media":0,"parent":0,"menu_order":0,"comment_status":"closed","ping_status":"closed","template":"","meta":{"_et_pb_use_builder":"on","_et_pb_old_content":"","_et_gb_content_width":"","footnotes":""},"class_list":["post-18","page","type-page","status-publish","hentry"],"_links":{"self":[{"href":"https:\/\/dmsk.fi\/fi\/wp-json\/wp\/v2\/pages\/18","targetHints":{"allow":["GET"]}}],"collection":[{"href":"https:\/\/dmsk.fi\/fi\/wp-json\/wp\/v2\/pages"}],"about":[{"href":"https:\/\/dmsk.fi\/fi\/wp-json\/wp\/v2\/types\/page"}],"author":[{"embeddable":true,"href":"https:\/\/dmsk.fi\/fi\/wp-json\/wp\/v2\/users\/1"}],"replies":[{"embeddable":true,"href":"https:\/\/dmsk.fi\/fi\/wp-json\/wp\/v2\/comments?post=18"}],"version-history":[{"count":50,"href":"https:\/\/dmsk.fi\/fi\/wp-json\/wp\/v2\/pages\/18\/revisions"}],"predecessor-version":[{"id":590,"href":"https:\/\/dmsk.fi\/fi\/wp-json\/wp\/v2\/pages\/18\/revisions\/590"}],"wp:attachment":[{"href":"https:\/\/dmsk.fi\/fi\/wp-json\/wp\/v2\/media?parent=18"}],"curies":[{"name":"wp","href":"https:\/\/api.w.org\/{rel}","templated":true}]}}