{"id":21,"date":"2024-12-06T11:09:12","date_gmt":"2024-12-06T11:09:12","guid":{"rendered":"https:\/\/dmsk.fi\/?page_id=21"},"modified":"2025-04-09T19:40:36","modified_gmt":"2025-04-09T19:40:36","slug":"verksamhet","status":"publish","type":"page","link":"https:\/\/dmsk.fi\/fi\/verksamhet\/","title":{"rendered":"Toiminta"},"content":{"rendered":"<p>[et_pb_section fb_built=&#8221;1&#8243; _builder_version=&#8221;4.27.4&#8243; _module_preset=&#8221;default&#8221; background_image=&#8221;https:\/\/dmsk.fi\/wp-content\/uploads\/2024\/12\/DJI_0002.jpg&#8221; min_height=&#8221;452px&#8221; locked=&#8221;off&#8221; global_colors_info=&#8221;{}&#8221;][\/et_pb_section][et_pb_section fb_built=&#8221;1&#8243; next_background_color=&#8221;#768EA8&#8243; _builder_version=&#8221;4.27.4&#8243; _module_preset=&#8221;default&#8221; bottom_divider_style=&#8221;waves2&#8243; bottom_divider_height=&#8221;44px&#8221; locked=&#8221;off&#8221; global_colors_info=&#8221;{}&#8221;][et_pb_row _builder_version=&#8221;4.27.4&#8243; _module_preset=&#8221;default&#8221; global_colors_info=&#8221;{}&#8221;][et_pb_column type=&#8221;4_4&#8243; _builder_version=&#8221;4.27.4&#8243; _module_preset=&#8221;default&#8221; global_colors_info=&#8221;{}&#8221;][et_pb_heading title=&#8221;Verksamhet&#8221; _builder_version=&#8221;4.27.4&#8243; _module_preset=&#8221;default&#8221; global_colors_info=&#8221;{}&#8221;][\/et_pb_heading][et_pb_text _builder_version=&#8221;4.27.4&#8243; _module_preset=&#8221;default&#8221; text_text_color=&#8221;#000000&#8243; global_colors_info=&#8221;{}&#8221;]<\/p>\n<p style=\"text-align: left;\">Klubbens verksamhet \u00e4r m\u00e5ngsidig. Allt fr\u00e5n att arrangera segelt\u00e4vlingen &#8221;Bruksrundan&#8221; till att bevaka b\u00e5t\u00e4garnas intressen b\u00e5de lokalt och globalt genom att vara en del av takorganisationen Segling och B\u00e5tsport i Finland r.f. Besiktning av medlemmarnas b\u00e5tar \u00e4r ocks\u00e5 en av de viktigaste verksamheterna klubben ordnar. Vi ordnar ocks\u00e5 olika f\u00f6redrag med intressanta teman f\u00f6r v\u00e5ra medlemmar.<\/p>\n<p>[\/et_pb_text][\/et_pb_column][\/et_pb_row][\/et_pb_section][et_pb_section fb_built=&#8221;1&#8243; _builder_version=&#8221;4.27.4&#8243; _module_preset=&#8221;default&#8221; background_color=&#8221;#768EA8&#8243; locked=&#8221;off&#8221; global_colors_info=&#8221;{}&#8221;][et_pb_row _builder_version=&#8221;4.27.4&#8243; _module_preset=&#8221;default&#8221; background_color=&#8221;#FFFFFF&#8221; custom_padding=&#8221;0px||0px||false|false&#8221; locked=&#8221;off&#8221; global_colors_info=&#8221;{}&#8221;][et_pb_column type=&#8221;4_4&#8243; _builder_version=&#8221;4.27.4&#8243; _module_preset=&#8221;default&#8221; background_color=&#8221;#FFFFFF&#8221; custom_padding=&#8221;30px|30px|30px|30px|false|false&#8221; global_colors_info=&#8221;{}&#8221;][et_pb_text _builder_version=&#8221;4.27.4&#8243; _module_preset=&#8221;default&#8221; text_text_color=&#8221;#000000&#8243; locked=&#8221;off&#8221; global_colors_info=&#8221;{}&#8221;]<\/p>\n<h4><strong>Vinterf\u00f6rvaring<\/strong><\/h4>\n<p>Som medlem i DMSK har du m\u00f6jlighet att f\u00f6rvara din b\u00e5t p\u00e5 uppl\u00e4ggningsomr\u00e5det reserverat f\u00f6r DMSK:s b\u00e5tar. B\u00e5tar som f\u00f6rvaras p\u00e5 omr\u00e5det skall vara inf\u00f6rda i klubbens b\u00e5tregister och besiktade f\u00f6r ifr\u00e5gavarande \u00e5r. All hantering och uppbevaring p\u00e5 omr\u00e5det sker p\u00e5 b\u00e5t\u00e4garens ansvar och alla b\u00e5tar skall vara f\u00f6rs\u00e4krade och ha en egen ansvarsf\u00f6rs\u00e4kring. Upptagning , f\u00f6rvaringen och sj\u00f6s\u00e4ttning sker p\u00e5 talko och koordineras av DMSK:s ansvariga f\u00f6r b\u00e5tf\u00f6rvaringen. Allt arbete sker i sammarbete med D-Marin.<\/p>\n<p>P\u00e5 uppl\u00e4ggningsomr\u00e5det finns tillg\u00e5ng till mastst\u00e4llning f\u00f6r segelb\u00e5tarnas master, el f\u00f6r eldrivna verktyg och f\u00f6r laddning av b\u00e5tarnas batterier samt vatten f\u00f6r tv\u00e4tt av b\u00e5tar. Var och en ansvarar f\u00f6r att omr\u00e5det \u00e4r st\u00e4dat och att all utrustning f\u00f6r vinterf\u00f6rvaring lagras p\u00e5 ett ordnat s\u00e4tt i v\u00e4ntan p\u00e5 n\u00e4sta vinterf\u00f6rvaring.<\/p>\n<p>\u00c4r du intresserad att f\u00f6rvara din b\u00e5t p\u00e5 omr\u00e5det reserverat f\u00f6r DMSK tag kontakt.<\/p>\n<p><strong>Ansvarig f\u00f6r b\u00e5tf\u00f6rvaringen<br \/><\/strong>Robert \u201dBobbi\u201d Iver<br \/>Tel: 040 735 8235<br \/>E-post: bobby[at]pp.inet.fi<\/p>\n<p>[\/et_pb_text][\/et_pb_column][\/et_pb_row][et_pb_row column_structure=&#8221;1_4,1_4,1_4,1_4&#8243; _builder_version=&#8221;4.27.4&#8243; _module_preset=&#8221;default&#8221; background_color=&#8221;#FFFFFF&#8221; custom_padding=&#8221;0px||0px||false|false&#8221; locked=&#8221;off&#8221; global_colors_info=&#8221;{}&#8221;][et_pb_column type=&#8221;1_4&#8243; _builder_version=&#8221;4.27.4&#8243; _module_preset=&#8221;default&#8221; background_color=&#8221;#FFFFFF&#8221; custom_padding=&#8221;30px|30px|30px|30px|false|false&#8221; global_colors_info=&#8221;{}&#8221;][et_pb_image src=&#8221;https:\/\/dmsk.fi\/wp-content\/uploads\/2025\/03\/DSC01130-scaled.jpg&#8221; title_text=&#8221;DSC01130&#8243; align=&#8221;center&#8221; _builder_version=&#8221;4.27.4&#8243; _module_preset=&#8221;default&#8221; max_width=&#8221;100%&#8221; height=&#8221;200px&#8221; global_colors_info=&#8221;{}&#8221;][\/et_pb_image][\/et_pb_column][et_pb_column type=&#8221;1_4&#8243; _builder_version=&#8221;4.27.4&#8243; _module_preset=&#8221;default&#8221; background_color=&#8221;#FFFFFF&#8221; custom_padding=&#8221;30px|30px|30px|30px|false|false&#8221; global_colors_info=&#8221;{}&#8221;][et_pb_image src=&#8221;https:\/\/dmsk.fi\/wp-content\/uploads\/2025\/03\/IMG_0644-scaled.jpg&#8221; title_text=&#8221;IMG_0644&#8243; align=&#8221;center&#8221; _builder_version=&#8221;4.27.4&#8243; _module_preset=&#8221;default&#8221; max_width=&#8221;80%&#8221; height=&#8221;200px&#8221; global_colors_info=&#8221;{}&#8221;][\/et_pb_image][\/et_pb_column][et_pb_column type=&#8221;1_4&#8243; _builder_version=&#8221;4.27.4&#8243; _module_preset=&#8221;default&#8221; background_color=&#8221;#FFFFFF&#8221; custom_padding=&#8221;30px|30px|30px|30px|false|false&#8221; global_colors_info=&#8221;{}&#8221;][et_pb_image src=&#8221;https:\/\/dmsk.fi\/wp-content\/uploads\/2025\/03\/IMG_0643-scaled.jpg&#8221; title_text=&#8221;IMG_0643&#8243; align=&#8221;center&#8221; _builder_version=&#8221;4.27.4&#8243; _module_preset=&#8221;default&#8221; height=&#8221;200px&#8221; global_colors_info=&#8221;{}&#8221;][\/et_pb_image][\/et_pb_column][et_pb_column type=&#8221;1_4&#8243; _builder_version=&#8221;4.27.4&#8243; _module_preset=&#8221;default&#8221; background_color=&#8221;#FFFFFF&#8221; custom_padding=&#8221;30px|30px|30px|30px|false|false&#8221; global_colors_info=&#8221;{}&#8221;][\/et_pb_column][\/et_pb_row][et_pb_row _builder_version=&#8221;4.27.4&#8243; _module_preset=&#8221;default&#8221; background_color=&#8221;#FFFFFF&#8221; custom_padding=&#8221;0px|30px||30px|false|true&#8221; global_colors_info=&#8221;{}&#8221;][et_pb_column type=&#8221;4_4&#8243; _builder_version=&#8221;4.27.4&#8243; _module_preset=&#8221;default&#8221; global_colors_info=&#8221;{}&#8221;][et_pb_text _builder_version=&#8221;4.27.4&#8243; _module_preset=&#8221;default&#8221; text_text_color=&#8221;#000000&#8243; locked=&#8221;off&#8221; global_colors_info=&#8221;{}&#8221;]<\/p>\n<h4><strong><\/strong><\/h4>\n<h4><strong>Besiktning av medlemmarnas b\u00e5tar<\/strong><\/h4>\n<p>En av DMSK:s viktigaste verksamhet \u00e4r besiktning av medlemmarnas b\u00e5tar. En besiktad b\u00e5t \u00e4r sj\u00f6s\u00e4ker och trygg att f\u00e4rdas i. L\u00e4s mera om besiktningensverksameten under menyn &#8221;Besiktning&#8221;.<strong><\/strong><\/p>\n<h4><strong><\/strong><\/h4>\n<h4><strong>Eskaderseglats<\/strong><\/h4>\n<p>Klubben har som m\u00e5l att ordna minst en gemensam eskaderseglats per s\u00e4song. Senaste \u00e5r blev eskadern inhiberad p\u00e5 grund av h\u00e5rt v\u00e4der. Eskadern \u00e4r \u00f6ppen f\u00f6r b\u00e5de f\u00f6r segel- och motorb\u00e5tar. Tanken \u00e4r att tillsammans ta sig till en f\u00f6rutbest\u00e4md hamn, oftast g\u00e4sthamn och d\u00e4r umg\u00e5s och tillbringa en trevlig kv\u00e4ll tillsammans.<\/p>\n<h4><strong><\/strong><\/h4>\n<h4><strong>Bes\u00f6k till b\u00e5tm\u00e4ssan<\/strong><\/h4>\n<p>Vene-B\u00e5t m\u00e4ssan i Helsingfors \u00e4r oftast startskottet f\u00f6r b\u00e5ts\u00e4songen. D\u00e4r b\u00f6rjar oftast planerna f\u00f6r s\u00e4songens resm\u00e5l ta form eller n\u00e5gonting som man vill f\u00f6rnya eller inf\u00f6rskaffa inf\u00f6r kommande s\u00e4song. I m\u00e5n av intresse s\u00e5 ordnar vi gemensam bussresa fr\u00e5n Dalsbruk till b\u00e5tm\u00e4ssan.<strong><\/strong><\/p>\n<p>[\/et_pb_text][\/et_pb_column][\/et_pb_row][et_pb_row column_structure=&#8221;1_4,1_4,1_4,1_4&#8243; _builder_version=&#8221;4.27.4&#8243; _module_preset=&#8221;default&#8221; background_color=&#8221;#FFFFFF&#8221; custom_padding=&#8221;0px||0px||false|false&#8221; locked=&#8221;off&#8221; global_colors_info=&#8221;{}&#8221;][et_pb_column type=&#8221;1_4&#8243; _builder_version=&#8221;4.27.4&#8243; _module_preset=&#8221;default&#8221; background_color=&#8221;#FFFFFF&#8221; custom_padding=&#8221;30px|30px|30px|30px|false|false&#8221; global_colors_info=&#8221;{}&#8221;][et_pb_image src=&#8221;https:\/\/dmsk.fi\/wp-content\/uploads\/2025\/03\/IMG_0844-scaled.jpg&#8221; title_text=&#8221;IMG_0844&#8243; _builder_version=&#8221;4.27.4&#8243; _module_preset=&#8221;default&#8221; max_width=&#8221;100%&#8221; module_alignment=&#8221;center&#8221; height=&#8221;155px&#8221; custom_margin=&#8221;|-25px||||&#8221; global_colors_info=&#8221;{}&#8221;][\/et_pb_image][\/et_pb_column][et_pb_column type=&#8221;1_4&#8243; _builder_version=&#8221;4.27.4&#8243; _module_preset=&#8221;default&#8221; background_color=&#8221;#FFFFFF&#8221; custom_padding=&#8221;30px|30px|30px|30px|false|false&#8221; global_colors_info=&#8221;{}&#8221;][et_pb_image src=&#8221;https:\/\/dmsk.fi\/wp-content\/uploads\/2025\/03\/IMG_0846-scaled.jpg&#8221; title_text=&#8221;IMG_0846&#8243; align=&#8221;center&#8221; _builder_version=&#8221;4.27.4&#8243; _module_preset=&#8221;default&#8221; max_width=&#8221;80%&#8221; height=&#8221;200px&#8221; global_colors_info=&#8221;{}&#8221;][\/et_pb_image][\/et_pb_column][et_pb_column type=&#8221;1_4&#8243; _builder_version=&#8221;4.27.4&#8243; _module_preset=&#8221;default&#8221; background_color=&#8221;#FFFFFF&#8221; custom_padding=&#8221;30px|30px|30px|30px|false|false&#8221; global_colors_info=&#8221;{}&#8221;][et_pb_image src=&#8221;https:\/\/dmsk.fi\/wp-content\/uploads\/2025\/03\/IMG_0839-scaled.jpg&#8221; title_text=&#8221;IMG_0839&#8243; align=&#8221;center&#8221; _builder_version=&#8221;4.27.4&#8243; _module_preset=&#8221;default&#8221; height=&#8221;200px&#8221; global_colors_info=&#8221;{}&#8221;][\/et_pb_image][\/et_pb_column][et_pb_column type=&#8221;1_4&#8243; _builder_version=&#8221;4.27.4&#8243; _module_preset=&#8221;default&#8221; background_color=&#8221;#FFFFFF&#8221; custom_padding=&#8221;30px|30px|30px|30px|false|false&#8221; global_colors_info=&#8221;{}&#8221;][\/et_pb_column][\/et_pb_row][\/et_pb_section]<\/p>\n","protected":false},"excerpt":{"rendered":"<p>Klubbens verksamhet \u00e4r m\u00e5ngsidig. Allt fr\u00e5n att arrangera segelt\u00e4vlingen &#8221;Bruksrundan&#8221; till att bevaka b\u00e5t\u00e4garnas intressen b\u00e5de lokalt och globalt genom att vara en del av takorganisationen Segling och B\u00e5tsport i Finland r.f. Besiktning av medlemmarnas b\u00e5tar \u00e4r ocks\u00e5 en av de viktigaste verksamheterna klubben ordnar. Vi ordnar ocks\u00e5 olika f\u00f6redrag med intressanta teman f\u00f6r v\u00e5ra [&hellip;]<\/p>\n","protected":false},"author":1,"featured_media":0,"parent":0,"menu_order":0,"comment_status":"closed","ping_status":"closed","template":"","meta":{"_et_pb_use_builder":"on","_et_pb_old_content":"","_et_gb_content_width":"","footnotes":""},"class_list":["post-21","page","type-page","status-publish","hentry"],"_links":{"self":[{"href":"https:\/\/dmsk.fi\/fi\/wp-json\/wp\/v2\/pages\/21","targetHints":{"allow":["GET"]}}],"collection":[{"href":"https:\/\/dmsk.fi\/fi\/wp-json\/wp\/v2\/pages"}],"about":[{"href":"https:\/\/dmsk.fi\/fi\/wp-json\/wp\/v2\/types\/page"}],"author":[{"embeddable":true,"href":"https:\/\/dmsk.fi\/fi\/wp-json\/wp\/v2\/users\/1"}],"replies":[{"embeddable":true,"href":"https:\/\/dmsk.fi\/fi\/wp-json\/wp\/v2\/comments?post=21"}],"version-history":[{"count":32,"href":"https:\/\/dmsk.fi\/fi\/wp-json\/wp\/v2\/pages\/21\/revisions"}],"predecessor-version":[{"id":425,"href":"https:\/\/dmsk.fi\/fi\/wp-json\/wp\/v2\/pages\/21\/revisions\/425"}],"wp:attachment":[{"href":"https:\/\/dmsk.fi\/fi\/wp-json\/wp\/v2\/media?parent=21"}],"curies":[{"name":"wp","href":"https:\/\/api.w.org\/{rel}","templated":true}]}}