{"id":24,"date":"2024-12-06T11:08:22","date_gmt":"2024-12-06T11:08:22","guid":{"rendered":"https:\/\/dmsk.fi\/?page_id=24"},"modified":"2025-09-22T17:25:17","modified_gmt":"2025-09-22T17:25:17","slug":"bruksrundan","status":"publish","type":"page","link":"https:\/\/dmsk.fi\/fi\/bruksrundan\/","title":{"rendered":"Ruukin kierros"},"content":{"rendered":"<p>[et_pb_section fb_built=&#8221;1&#8243; _builder_version=&#8221;4.27.4&#8243; _module_preset=&#8221;default&#8221; background_image=&#8221;https:\/\/dmsk.fi\/wp-content\/uploads\/2025\/03\/IMG_9212.jpg&#8221; min_height=&#8221;475px&#8221; min_height_tablet=&#8221;261px&#8221; min_height_phone=&#8221;261px&#8221; min_height_last_edited=&#8221;on|phone&#8221; max_height_tablet=&#8221;&#8221; max_height_phone=&#8221;&#8221; max_height_last_edited=&#8221;on|phone&#8221; global_colors_info=&#8221;{}&#8221;][\/et_pb_section][et_pb_section fb_built=&#8221;1&#8243; next_background_color=&#8221;#768EA8&#8243; _builder_version=&#8221;4.27.4&#8243; _module_preset=&#8221;default&#8221; bottom_divider_style=&#8221;waves2&#8243; bottom_divider_height=&#8221;44px&#8221; global_colors_info=&#8221;{}&#8221;][et_pb_row _builder_version=&#8221;4.27.4&#8243; _module_preset=&#8221;default&#8221; global_colors_info=&#8221;{}&#8221;][et_pb_column type=&#8221;4_4&#8243; _builder_version=&#8221;4.27.4&#8243; _module_preset=&#8221;default&#8221; global_colors_info=&#8221;{}&#8221;][et_pb_heading title=&#8221;Bruksrundan&#8221; _builder_version=&#8221;4.27.4&#8243; _module_preset=&#8221;default&#8221; global_colors_info=&#8221;{}&#8221;][\/et_pb_heading][et_pb_text _builder_version=&#8221;4.27.4&#8243; _module_preset=&#8221;default&#8221; text_text_color=&#8221;#000000&#8243; global_colors_info=&#8221;{}&#8221;]<\/p>\n<p style=\"text-align: left;\">Seglingst\u00e4vlingen Bruksrundan seglas f\u00f6r 21:sta g\u00e5ngen l\u00f6rdagen den 13.9.2025 och den sker samtidigt med Dalsbruks popul\u00e4ra h\u00f6stjippo September Open.<\/p>\n<p style=\"text-align: left;\">Bruksrundan \u00e4r DMSK:s st\u00f6rsta satsning under \u00e5ret. B\u00e5tarna indelas i tv\u00e5 klasser men alla t\u00e4vlar om vandringspriset \u201dBrukssk\u00e5len\u201d. Allt fr\u00e5n familjebes\u00e4ttning till rankingm\u00e4stare brukar segla i en avsp\u00e4nd milj\u00f6. Anm\u00e4ld b\u00e5t skall vara besiktigad i klass 3 eller h\u00f6gre klass. Popul\u00e4r t\u00e4vlingsledare har Vicke Roukolahti varit allt sedan Bruksrundans b\u00f6rjan \u00e5r 2005.<\/p>\n<p style=\"text-align: left;\">Start, rundning och m\u00e5lg\u00e5ng sker utanf\u00f6r Dalsbruks g\u00e4sthamns v\u00e5gbrytare inom synh\u00e5ll fr\u00e5n den historiska bruksmilj\u00f6n. Bruksrundan \u00e4r en segling p\u00e516 sj\u00f6mil som omfattar tv\u00e5 varv \u00f6ver Bruksfj\u00e4rden och V\u00e4noxafj\u00e4rden och rundar bland annat Bockholmen. Banan seglas antingen medsols eller motsols utg\u00e5ende fr\u00e5n f\u00f6rv\u00e4ntad vindriktning. M\u00e5ls\u00e4ttningen \u00e4r att kunna ge tillr\u00e4ckligt mycket kryssbog.<\/p>\n<p style=\"text-align: left;\">Jaktstart med handikapp enligt FinRating respitregeln sker med f\u00f6rsta b\u00e5t ut klockan 11. M\u00e5lg\u00e5ng brukar bli mellan klockan 15 och 16, ibland tom lite senare. Jaktstart (Chasing) leder till att alla b\u00e5tar, s\u00e5v\u00e4l stora som sm\u00e5 borde vara ungef\u00e4r samtidigt i m\u00e5l. Men alltid g\u00e5r det ju inte riktigt s\u00e5.<\/p>\n<p style=\"text-align: left;\">Efter det alla deltagare \u00e4r i m\u00e5l sker prisutdelning i g\u00e4sthamnen. Bastun i g\u00e4sthamnen brukar vara uppskattad efter m\u00e5lg\u00e5ng. F\u00f6rutom Brukssk\u00e5len utdelas klass priser och de brukar vara keramik flundror fr\u00e5n det lokala f\u00f6retaget Ceracon (www.ceracon.fi). Och en popul\u00e4r keramik kr\u00e4fta \u00e5t sista b\u00e5t i m\u00e5l. Om kv\u00e4llen firar vi sedan gemensamt med mat, dryck, diskussion och bildspel fr\u00e5n dagens t\u00e4vling.<\/p>\n<p>[\/et_pb_text][\/et_pb_column][\/et_pb_row][\/et_pb_section][et_pb_section fb_built=&#8221;1&#8243; _builder_version=&#8221;4.27.4&#8243; _module_preset=&#8221;default&#8221; background_color=&#8221;#768EA8&#8243; global_colors_info=&#8221;{}&#8221;][et_pb_row _builder_version=&#8221;4.27.4&#8243; _module_preset=&#8221;default&#8221; global_colors_info=&#8221;{}&#8221;][et_pb_column type=&#8221;4_4&#8243; _builder_version=&#8221;4.27.4&#8243; _module_preset=&#8221;default&#8221; background_color=&#8221;#FFFFFF&#8221; custom_padding=&#8221;30px|30px|30px|30px|false|false&#8221; global_colors_info=&#8221;{}&#8221;][et_pb_text _builder_version=&#8221;4.27.4&#8243; _module_preset=&#8221;default&#8221; text_text_color=&#8221;#000000&#8243; hover_enabled=&#8221;0&#8243; locked=&#8221;off&#8221; global_colors_info=&#8221;{}&#8221; sticky_enabled=&#8221;0&#8243;]<\/p>\n<p><strong>Inbjudan<\/strong><\/p>\n<ul>\n<li><a href=\"https:\/\/dmsk.fi\/wp-content\/uploads\/2025\/08\/inbjudan_sv_fi.pdf\" target=\"_blank\" rel=\"noopener\">2025<\/a><\/li>\n<\/ul>\n<p><strong>F\u00f6reskrifter<\/strong><\/p>\n<ul>\n<li><a href=\"https:\/\/dmsk.fi\/wp-content\/uploads\/2024\/12\/Foreskrifter2024_sv_fi.pdf\" target=\"_blank\" rel=\"noopener\">2024<\/a><\/li>\n<\/ul>\n<p><strong>Resultatbank<\/strong><\/p>\n<ul>\n<li><a href=\"https:\/\/dmsk.fi\/wp-content\/uploads\/2025\/09\/resultat25.pdf\" target=\"_blank\" rel=\"noopener\">2025<\/a><\/li>\n<li><a href=\"https:\/\/dmsk.fi\/wp-content\/uploads\/2024\/12\/resultat24.pdf\" target=\"_blank\" rel=\"noopener\">2024<\/a><\/li>\n<li><a href=\"https:\/\/dmsk.fi\/wp-content\/uploads\/2024\/12\/resultat23.pdf\" target=\"_blank\" rel=\"noopener\">2023<\/a><\/li>\n<li><a href=\"https:\/\/dmsk.fi\/wp-content\/uploads\/2024\/12\/resultat22.pdf\" target=\"_blank\" rel=\"noopener\">2022<\/a><\/li>\n<li><a href=\"https:\/\/dmsk.fi\/wp-content\/uploads\/2024\/12\/resultat21.pdf\" target=\"_blank\" rel=\"noopener\">2021<\/a><\/li>\n<li><a href=\"https:\/\/dmsk.fi\/wp-content\/uploads\/2024\/12\/resultat20.pdf\" target=\"_blank\" rel=\"noopener\">2020<\/a><\/li>\n<li><a href=\"https:\/\/dmsk.fi\/wp-content\/uploads\/2024\/12\/resultat19.pdf\" target=\"_blank\" rel=\"noopener\">2019<\/a><\/li>\n<li><a href=\"https:\/\/dmsk.fi\/wp-content\/uploads\/2024\/12\/resultat18.pdf\" target=\"_blank\" rel=\"noopener\">2018<\/a><\/li>\n<\/ul>\n<p><strong>Bildbank<\/strong><\/p>\n<p>l\u00e4nk till bilder<\/p>\n<p>[\/et_pb_text][\/et_pb_column][\/et_pb_row][\/et_pb_section][et_pb_section fb_built=&#8221;1&#8243; _builder_version=&#8221;4.27.4&#8243; _module_preset=&#8221;default&#8221; global_colors_info=&#8221;{}&#8221;][et_pb_row _builder_version=&#8221;4.27.4&#8243; _module_preset=&#8221;default&#8221; global_colors_info=&#8221;{}&#8221;][et_pb_column type=&#8221;4_4&#8243; _builder_version=&#8221;4.27.4&#8243; _module_preset=&#8221;default&#8221; global_colors_info=&#8221;{}&#8221;][et_pb_heading title=&#8221;Bildarkiv&#8221; _builder_version=&#8221;4.27.4&#8243; _module_preset=&#8221;default&#8221; title_text_align=&#8221;center&#8221; global_colors_info=&#8221;{}&#8221;][\/et_pb_heading][et_pb_heading title=&#8221;2024&#8243; _builder_version=&#8221;4.27.4&#8243; _module_preset=&#8221;default&#8221; global_colors_info=&#8221;{}&#8221;][\/et_pb_heading][et_pb_gallery gallery_ids=&#8221;71,72,73,74,75,127,128,129,130,133,134,135,136,137,138&#8243; show_title_and_caption=&#8221;off&#8221; _builder_version=&#8221;4.27.4&#8243; _module_preset=&#8221;default&#8221; text_shadow_style=&#8221;preset2&#8243; global_colors_info=&#8221;{}&#8221;][\/et_pb_gallery][\/et_pb_column][\/et_pb_row][\/et_pb_section]<\/p>\n","protected":false},"excerpt":{"rendered":"<p>Seglingst\u00e4vlingen Bruksrundan seglas f\u00f6r 21:sta g\u00e5ngen l\u00f6rdagen den 13.9.2025 och den sker samtidigt med Dalsbruks popul\u00e4ra h\u00f6stjippo September Open. Bruksrundan \u00e4r DMSK:s st\u00f6rsta satsning under \u00e5ret. B\u00e5tarna indelas i tv\u00e5 klasser men alla t\u00e4vlar om vandringspriset \u201dBrukssk\u00e5len\u201d. Allt fr\u00e5n familjebes\u00e4ttning till rankingm\u00e4stare brukar segla i en avsp\u00e4nd milj\u00f6. Anm\u00e4ld b\u00e5t skall vara besiktigad i klass [&hellip;]<\/p>\n","protected":false},"author":1,"featured_media":0,"parent":0,"menu_order":0,"comment_status":"closed","ping_status":"closed","template":"","meta":{"_et_pb_use_builder":"on","_et_pb_old_content":"","_et_gb_content_width":"","footnotes":""},"class_list":["post-24","page","type-page","status-publish","hentry"],"_links":{"self":[{"href":"https:\/\/dmsk.fi\/fi\/wp-json\/wp\/v2\/pages\/24","targetHints":{"allow":["GET"]}}],"collection":[{"href":"https:\/\/dmsk.fi\/fi\/wp-json\/wp\/v2\/pages"}],"about":[{"href":"https:\/\/dmsk.fi\/fi\/wp-json\/wp\/v2\/types\/page"}],"author":[{"embeddable":true,"href":"https:\/\/dmsk.fi\/fi\/wp-json\/wp\/v2\/users\/1"}],"replies":[{"embeddable":true,"href":"https:\/\/dmsk.fi\/fi\/wp-json\/wp\/v2\/comments?post=24"}],"version-history":[{"count":23,"href":"https:\/\/dmsk.fi\/fi\/wp-json\/wp\/v2\/pages\/24\/revisions"}],"predecessor-version":[{"id":571,"href":"https:\/\/dmsk.fi\/fi\/wp-json\/wp\/v2\/pages\/24\/revisions\/571"}],"wp:attachment":[{"href":"https:\/\/dmsk.fi\/fi\/wp-json\/wp\/v2\/media?parent=24"}],"curies":[{"name":"wp","href":"https:\/\/api.w.org\/{rel}","templated":true}]}}