{"id":35,"date":"2024-12-06T11:08:09","date_gmt":"2024-12-06T11:08:09","guid":{"rendered":"https:\/\/dmsk.fi\/?page_id=35"},"modified":"2025-05-30T12:52:28","modified_gmt":"2025-05-30T12:52:28","slug":"produkter","status":"publish","type":"page","link":"https:\/\/dmsk.fi\/fi\/produkter\/","title":{"rendered":"Tuotteet"},"content":{"rendered":"<p>[et_pb_section fb_built=&#8221;1&#8243; _builder_version=&#8221;4.27.4&#8243; _module_preset=&#8221;default&#8221; background_image=&#8221;https:\/\/dmsk.fi\/wp-content\/uploads\/2024\/12\/DSC6015.jpg&#8221; background_position=&#8221;top_center&#8221; background_vertical_offset=&#8221;18%&#8221; min_height=&#8221;310px&#8221; hover_enabled=&#8221;0&#8243; global_colors_info=&#8221;{}&#8221; sticky_enabled=&#8221;0&#8243; title_text=&#8221;_DSC6015&#8243;][\/et_pb_section][et_pb_section fb_built=&#8221;1&#8243; _builder_version=&#8221;4.27.4&#8243; _module_preset=&#8221;default&#8221; background_color=&#8221;#768EA8&#8243; global_colors_info=&#8221;{}&#8221;][et_pb_row _builder_version=&#8221;4.27.4&#8243; _module_preset=&#8221;default&#8221; background_color=&#8221;#FFFFFF&#8221; global_colors_info=&#8221;{}&#8221;][et_pb_column type=&#8221;4_4&#8243; _builder_version=&#8221;4.27.4&#8243; _module_preset=&#8221;default&#8221; global_colors_info=&#8221;{}&#8221;][et_pb_heading title=&#8221;Produkter till salu&#8221; _builder_version=&#8221;4.27.4&#8243; _module_preset=&#8221;default&#8221; title_text_align=&#8221;left&#8221; custom_margin=&#8221;||-26px|||&#8221; custom_padding=&#8221;|||30px|false|false&#8221; global_colors_info=&#8221;{}&#8221;][\/et_pb_heading][\/et_pb_column][\/et_pb_row][et_pb_row column_structure=&#8221;1_3,1_3,1_3&#8243; _builder_version=&#8221;4.27.4&#8243; _module_preset=&#8221;default&#8221; background_color=&#8221;#FFFFFF&#8221; global_colors_info=&#8221;{}&#8221;][et_pb_column type=&#8221;1_3&#8243; _builder_version=&#8221;4.27.4&#8243; _module_preset=&#8221;default&#8221; global_colors_info=&#8221;{}&#8221;][et_pb_image src=&#8221;https:\/\/dmsk.fi\/wp-content\/uploads\/2025\/05\/IMG_1083-scaled.jpg&#8221; title_text=&#8221;IMG_1083&#8243; _builder_version=&#8221;4.27.4&#8243; _module_preset=&#8221;default&#8221; width=&#8221;40%&#8221; width_tablet=&#8221;40%&#8221; width_phone=&#8221;100%&#8221; width_last_edited=&#8221;on|phone&#8221; max_width=&#8221;40%&#8221; max_width_tablet=&#8221;50%&#8221; max_width_phone=&#8221;86%&#8221; max_width_last_edited=&#8221;on|phone&#8221; module_alignment=&#8221;left&#8221; custom_margin=&#8221;|0px|||false|false&#8221; custom_padding=&#8221;|||30px|false|false&#8221; custom_padding_tablet=&#8221;|||30px|false|false&#8221; custom_padding_phone=&#8221;|0px||0px|false|false&#8221; custom_padding_last_edited=&#8221;on|desktop&#8221; module_alignment_tablet=&#8221;left&#8221; module_alignment_phone=&#8221;center&#8221; module_alignment_last_edited=&#8221;on|phone&#8221; global_colors_info=&#8221;{}&#8221; width__hover_enabled=&#8221;off|desktop&#8221;][\/et_pb_image][\/et_pb_column][et_pb_column type=&#8221;1_3&#8243; _builder_version=&#8221;4.27.4&#8243; _module_preset=&#8221;default&#8221; global_colors_info=&#8221;{}&#8221;][\/et_pb_column][et_pb_column type=&#8221;1_3&#8243; _builder_version=&#8221;4.27.4&#8243; _module_preset=&#8221;default&#8221; global_colors_info=&#8221;{}&#8221;][\/et_pb_column][\/et_pb_row][et_pb_row _builder_version=&#8221;4.27.4&#8243; _module_preset=&#8221;default&#8221; custom_margin=&#8221;-30px||||false|true&#8221; custom_padding=&#8221;||||false|true&#8221; locked=&#8221;off&#8221; global_colors_info=&#8221;{}&#8221;][et_pb_column type=&#8221;4_4&#8243; _builder_version=&#8221;4.27.4&#8243; _module_preset=&#8221;default&#8221; background_color=&#8221;#FFFFFF&#8221; custom_padding=&#8221;20px||20px||true|false&#8221; global_colors_info=&#8221;{}&#8221;][et_pb_text _builder_version=&#8221;4.27.4&#8243; _module_preset=&#8221;default&#8221; text_text_color=&#8221;#000000&#8243; text_orientation=&#8221;center&#8221; custom_margin=&#8221;|30px||30px|false|true&#8221; custom_padding=&#8221;|0px||0px|false|true&#8221; global_colors_info=&#8221;{}&#8221;]<\/p>\n<p style=\"text-align: left;\">Akterflaggor och vimplar med DMSK:s emblem kan best\u00e4llas fr\u00e5n klubben. Endast besiktade b\u00e5tar har r\u00e4tt att f\u00f6ra klubbens akterflagga, alla medlemmars b\u00e5tar har r\u00e4tt att f\u00f6ra vimpel.<\/p>\n<p style=\"text-align: left;\">Flaggornas material \u00e4r traditionell, h\u00e5llbar v\u00e4vd flaggduk, 155 g\/m\u00b2 (100 % polyester). Starka f\u00e4rger p\u00e5 b\u00e5da sidor.<\/p>\n<p style=\"text-align: left;\">Akterflagga<br \/>Nr 1\u00a0 \u00a0 \u00a0 \u00a033 * 54 cm 32 eur<br \/>Nr 2\u00a0 \u00a0 \u00a0 \u00a044 * 72 cm 35 eur<br \/>Nr 3\u00a0 \u00a0 \u00a0 \u00a055 * 90 cm 43 eur<br \/>Nr 4\u00a0 \u00a0 \u00a0 \u00a066 * 108 cm 50 eur<br \/>Nr 5\u00a0 \u00a0 \u00a0 \u00a080 * 131 cm 65 eur<\/p>\n<p style=\"text-align: left;\">B\u00e5t\u00e4garens vimpel<br \/>22 * 44 cm 30 eur<br \/>26 * 50 cm 35 eur<\/p>\n<p style=\"text-align: left;\">Flaggor och vimplar kan best\u00e4llas per e-post eller telefon. Uppge best\u00e4llaren namn, kontaktuppgifter och samt vilken storlek p\u00e5 flagga ni \u00f6nskar best\u00e4lla. Flaggan avh\u00e4mtas fr\u00e5n Dalsbruk. Best\u00e4llningar kan endast g\u00f6ras av medlemmar i DMSK.<\/p>\n<p style=\"text-align: left;\">Skicka best\u00e4llnigen till besiktnings ansvariga Robert &#8221;Bobby&#8221; Iver, e-post <span>bobby[at]pp.inet.fi<\/span> eller per tel: <span>040 735 8235<\/span><\/p>\n<p>[\/et_pb_text][\/et_pb_column][\/et_pb_row][\/et_pb_section]<\/p>\n","protected":false},"excerpt":{"rendered":"<p>Akterflaggor och vimplar med DMSK:s emblem kan best\u00e4llas fr\u00e5n klubben. Endast besiktade b\u00e5tar har r\u00e4tt att f\u00f6ra klubbens akterflagga, alla medlemmars b\u00e5tar har r\u00e4tt att f\u00f6ra vimpel. Flaggornas material \u00e4r traditionell, h\u00e5llbar v\u00e4vd flaggduk, 155 g\/m\u00b2 (100 % polyester). Starka f\u00e4rger p\u00e5 b\u00e5da sidor. AkterflaggaNr 1\u00a0 \u00a0 \u00a0 \u00a033 * 54 cm 32 eurNr 2\u00a0 [&hellip;]<\/p>\n","protected":false},"author":1,"featured_media":0,"parent":0,"menu_order":0,"comment_status":"closed","ping_status":"closed","template":"","meta":{"_et_pb_use_builder":"on","_et_pb_old_content":"","_et_gb_content_width":"","footnotes":""},"class_list":["post-35","page","type-page","status-publish","hentry"],"_links":{"self":[{"href":"https:\/\/dmsk.fi\/fi\/wp-json\/wp\/v2\/pages\/35","targetHints":{"allow":["GET"]}}],"collection":[{"href":"https:\/\/dmsk.fi\/fi\/wp-json\/wp\/v2\/pages"}],"about":[{"href":"https:\/\/dmsk.fi\/fi\/wp-json\/wp\/v2\/types\/page"}],"author":[{"embeddable":true,"href":"https:\/\/dmsk.fi\/fi\/wp-json\/wp\/v2\/users\/1"}],"replies":[{"embeddable":true,"href":"https:\/\/dmsk.fi\/fi\/wp-json\/wp\/v2\/comments?post=35"}],"version-history":[{"count":21,"href":"https:\/\/dmsk.fi\/fi\/wp-json\/wp\/v2\/pages\/35\/revisions"}],"predecessor-version":[{"id":551,"href":"https:\/\/dmsk.fi\/fi\/wp-json\/wp\/v2\/pages\/35\/revisions\/551"}],"wp:attachment":[{"href":"https:\/\/dmsk.fi\/fi\/wp-json\/wp\/v2\/media?parent=35"}],"curies":[{"name":"wp","href":"https:\/\/api.w.org\/{rel}","templated":true}]}}