{"id":404,"date":"2025-03-31T17:59:35","date_gmt":"2025-03-31T17:59:35","guid":{"rendered":"https:\/\/dmsk.fi\/?page_id=404"},"modified":"2025-05-14T17:53:00","modified_gmt":"2025-05-14T17:53:00","slug":"lankar","status":"publish","type":"page","link":"https:\/\/dmsk.fi\/fi\/lankar\/","title":{"rendered":"Linkit"},"content":{"rendered":"<p>[et_pb_section fb_built=&#8221;1&#8243; _builder_version=&#8221;4.27.4&#8243; _module_preset=&#8221;default&#8221; background_color=&#8221;RGBA(255,255,255,0)&#8221; background_image=&#8221;https:\/\/dmsk.fi\/wp-content\/uploads\/2024\/12\/DSC6132.jpg&#8221; background_position=&#8221;bottom_center&#8221; min_height=&#8221;344px&#8221; global_colors_info=&#8221;{}&#8221;][\/et_pb_section][et_pb_section fb_built=&#8221;1&#8243; _builder_version=&#8221;4.27.4&#8243; _module_preset=&#8221;default&#8221; global_colors_info=&#8221;{}&#8221;][et_pb_row _builder_version=&#8221;4.27.4&#8243; _module_preset=&#8221;default&#8221; hover_enabled=&#8221;0&#8243; global_colors_info=&#8221;{}&#8221; sticky_enabled=&#8221;0&#8243;][et_pb_column type=&#8221;4_4&#8243; _builder_version=&#8221;4.27.4&#8243; _module_preset=&#8221;default&#8221; global_colors_info=&#8221;{}&#8221;][et_pb_heading title=&#8221;L\u00e4nkar&#8221; _builder_version=&#8221;4.27.4&#8243; _module_preset=&#8221;default&#8221; global_colors_info=&#8221;{}&#8221;][\/et_pb_heading][et_pb_text _builder_version=&#8221;4.27.4&#8243; _module_preset=&#8221;default&#8221; text_text_color=&#8221;#000000&#8243; header_text_color=&#8221;#000000&#8243; hover_enabled=&#8221;0&#8243; global_colors_info=&#8221;{}&#8221; sticky_enabled=&#8221;0&#8243;]<\/p>\n<p>Organisationer:<\/p>\n<p><a href=\"https:\/\/spv.fi\/sv\/framsidan\/\" target=\"_blank\" rel=\"noopener\">Segling och b\u00e5tsport i Finland<\/a><br \/><span style=\"color: #000000;\"><\/span><a href=\"https:\/\/meripelastus.fi\/kemionsaari\/\" target=\"_blank\" rel=\"noopener\">Kimito\u00f6ns sj\u00f6r\u00e4ddare<\/a><\/p>\n<p><span style=\"color: #000000;\">V\u00e4der:<\/span><\/p>\n<p><a href=\"https:\/\/sv.ilmatieteenlaitos.fi\/sjovadret-och-ostersjon\" target=\"_blank\" rel=\"noopener\">FMHI Sj\u00f6v\u00e4dret och \u00d6stersj\u00f6n<\/a><br \/><a href=\"https:\/\/www.smhi.se\/vader\/vader-till-havs\" target=\"_blank\" rel=\"noopener\" title=\"SMHI V\u00e4der till havs\">SMHI V\u00e4der till havs<\/a><\/p>\n<p><span style=\"color: #000000;\">Navigation:<\/span><\/p>\n<p><span style=\"color: #000000;\"><a href=\"https:\/\/extranet.vayla.fi\/pooki_www\/merivaroitukset\/list_sv.html\" target=\"_blank\" rel=\"noopener\">Navigationsvarningar<\/a><br \/><\/span><a href=\"https:\/\/www.traficom.fi\/sv\/sjotrafiklagen2020\" target=\"_blank\" rel=\"noopener\"><\/a><a href=\"https:\/\/www.traficom.fi\/sv\/sjotrafiklagen2020\" target=\"_blank\" rel=\"noopener\">Sj\u00f6trafiklagen<\/a><br \/><a href=\"http:\/\/www.google.com\" target=\"_blank\" rel=\"noopener\" style=\"color: #000000;\"><\/a><span style=\"color: #000000;\"><a href=\"http:\/\/www.google.com\" target=\"_blank\" rel=\"noopener\" style=\"color: #000000;\"><\/a><\/span><\/p>\n<p><span style=\"color: #000000;\">Sj\u00f6s\u00e4kerhet: (printa ut och ha ombord)<\/span><\/p>\n<p><span style=\"color: #000000;\"><a href=\"https:\/\/raja.fi\/documents\/44957406\/60310797\/apua_turvallisuusopas_SWE_web.pdf\/253bbd09-6d1d-a002-2667-8100f1956657\/apua_turvallisuusopas_SWE_web.pdf?t=1614253650191\" target=\"_blank\" rel=\"noopener\">B\u00e5t\u00e4garens s\u00e4kerhetshandbok<\/a><br \/><a href=\"https:\/\/meripelastus.fi\/kemionsaari\/wp-content\/uploads\/sites\/28\/2021\/05\/Nodanmalan.pdf\" target=\"_blank\" rel=\"noopener\">Hur g\u00f6ra en <em>N\u00f6danm\u00e4lan<\/em><\/a><em><br \/><\/em><a href=\"https:\/\/meripelastus.fi\/kemionsaari\/wp-content\/uploads\/sites\/28\/2021\/05\/Maskinfel_Black-out.pdf\" target=\"_blank\" rel=\"noopener\">Vad g\u00f6ra vid <em>Maskinfel\/Blackout<\/em><\/a><br \/><a href=\"https:\/\/meripelastus.fi\/kemionsaari\/wp-content\/uploads\/sites\/28\/2021\/05\/Fartygsbrand.pdf\" target=\"_blank\" rel=\"noopener\">Vad g\u00f6ra vid <em>Brand ombord<\/em><\/a><br \/><a href=\"https:\/\/meripelastus.fi\/kemionsaari\/wp-content\/uploads\/sites\/28\/2021\/05\/Man-over-bord.pdf\"><\/a><\/span><span style=\"color: #000000;\"><a href=\"https:\/\/meripelastus.fi\/kemionsaari\/wp-content\/uploads\/sites\/28\/2021\/05\/Man-over-bord.pdf\" target=\"_blank\" rel=\"noopener\">Vad g\u00f6ra vid <em>Man \u00f6ver bord<\/em> (MOB)<\/a><br \/><a href=\"https:\/\/meripelastus.fi\/kemionsaari\/wp-content\/uploads\/sites\/28\/2021\/05\/Grundstotning_Sammanstotning.pdf\" target=\"_blank\" rel=\"noopener\">Vad g\u00f6ra vid <em>Grundst\u00f6tning\/Sammanst\u00f6tning<\/em><\/a><br \/><a href=\"https:\/\/meripelastus.fi\/kemionsaari\/wp-content\/uploads\/sites\/28\/2021\/05\/Overge-fartyget.pdf\" target=\"_blank\" rel=\"noopener\">Hur <em>\u00d6verge fartyget<\/em><\/a><br \/><\/span><a href=\"https:\/\/meripelastus.fi\/kemionsaari\/wp-content\/uploads\/sites\/28\/2021\/05\/Klara-sig-i-vattnet.pdf\" target=\"_blank\" rel=\"noopener\">Hur <em>Klara sig i vattnet<\/em><\/a><\/p>\n<p><span style=\"color: #000000;\">\u00d6vriga l\u00e4nkar:<\/span><\/p>\n<p><span style=\"color: #000000;\"><a href=\"https:\/\/ksg.fi\" target=\"_blank\" rel=\"noopener\">Kimito\u00f6ns serviceguide<\/a><br \/><\/span><\/p>\n<p>[\/et_pb_text][\/et_pb_column][\/et_pb_row][\/et_pb_section]<\/p>\n","protected":false},"excerpt":{"rendered":"<p>Organisationer: Segling och b\u00e5tsport i FinlandKimito\u00f6ns sj\u00f6r\u00e4ddare V\u00e4der: FMHI Sj\u00f6v\u00e4dret och \u00d6stersj\u00f6nSMHI V\u00e4der till havs Navigation: NavigationsvarningarSj\u00f6trafiklagen Sj\u00f6s\u00e4kerhet: (printa ut och ha ombord) B\u00e5t\u00e4garens s\u00e4kerhetshandbokHur g\u00f6ra en N\u00f6danm\u00e4lanVad g\u00f6ra vid Maskinfel\/BlackoutVad g\u00f6ra vid Brand ombordVad g\u00f6ra vid Man \u00f6ver bord (MOB)Vad g\u00f6ra vid Grundst\u00f6tning\/Sammanst\u00f6tningHur \u00d6verge fartygetHur Klara sig i vattnet \u00d6vriga l\u00e4nkar: Kimito\u00f6ns serviceguide<\/p>","protected":false},"author":3,"featured_media":0,"parent":0,"menu_order":0,"comment_status":"closed","ping_status":"closed","template":"","meta":{"_et_pb_use_builder":"on","_et_pb_old_content":"","_et_gb_content_width":"","footnotes":""},"class_list":["post-404","page","type-page","status-publish","hentry"],"_links":{"self":[{"href":"https:\/\/dmsk.fi\/fi\/wp-json\/wp\/v2\/pages\/404","targetHints":{"allow":["GET"]}}],"collection":[{"href":"https:\/\/dmsk.fi\/fi\/wp-json\/wp\/v2\/pages"}],"about":[{"href":"https:\/\/dmsk.fi\/fi\/wp-json\/wp\/v2\/types\/page"}],"author":[{"embeddable":true,"href":"https:\/\/dmsk.fi\/fi\/wp-json\/wp\/v2\/users\/3"}],"replies":[{"embeddable":true,"href":"https:\/\/dmsk.fi\/fi\/wp-json\/wp\/v2\/comments?post=404"}],"version-history":[{"count":17,"href":"https:\/\/dmsk.fi\/fi\/wp-json\/wp\/v2\/pages\/404\/revisions"}],"predecessor-version":[{"id":501,"href":"https:\/\/dmsk.fi\/fi\/wp-json\/wp\/v2\/pages\/404\/revisions\/501"}],"wp:attachment":[{"href":"https:\/\/dmsk.fi\/fi\/wp-json\/wp\/v2\/media?parent=404"}],"curies":[{"name":"wp","href":"https:\/\/api.w.org\/{rel}","templated":true}]}}