{"id":5,"date":"2024-12-06T10:18:04","date_gmt":"2024-12-06T10:18:04","guid":{"rendered":"https:\/\/dmsk.fi\/?page_id=5"},"modified":"2026-04-08T16:15:45","modified_gmt":"2026-04-08T16:15:45","slug":"hem","status":"publish","type":"page","link":"https:\/\/dmsk.fi\/fi\/","title":{"rendered":"Hem"},"content":{"rendered":"<p>[et_pb_section fb_built=&#8221;1&#8243; next_background_color=&#8221;#f9f7f8&#8243; _builder_version=&#8221;4.27.4&#8243; _module_preset=&#8221;default&#8221; background_image=&#8221;https:\/\/dmsk.fi\/wp-content\/uploads\/2024\/12\/DSC6414.jpg&#8221; height=&#8221;550px&#8221; height_tablet=&#8221;312px&#8221; height_phone=&#8221;312px&#8221; height_last_edited=&#8221;on|phone&#8221; bottom_divider_style=&#8221;waves2&#8243; bottom_divider_height=&#8221;32px&#8221; global_colors_info=&#8221;{}&#8221;][\/et_pb_section][et_pb_section fb_built=&#8221;1&#8243; next_background_color=&#8221;#768EA8&#8243; _builder_version=&#8221;4.27.4&#8243; _module_preset=&#8221;default&#8221; background_color=&#8221;#f9f7f8&#8243; custom_margin=&#8221;0px||||false|false&#8221; top_divider_color=&#8221;RGBA(255,255,255,0)&#8221; top_divider_height=&#8221;62px&#8221; bottom_divider_style=&#8221;waves2&#8243; bottom_divider_height=&#8221;32px&#8221; global_colors_info=&#8221;{}&#8221;][et_pb_row _builder_version=&#8221;4.27.4&#8243; _module_preset=&#8221;default&#8221; global_colors_info=&#8221;{}&#8221;][et_pb_column type=&#8221;4_4&#8243; _builder_version=&#8221;4.27.4&#8243; _module_preset=&#8221;default&#8221; custom_padding=&#8221;5px||5px||true|false&#8221; global_colors_info=&#8221;{}&#8221;][et_pb_heading title=&#8221;Dalsbruks Motor- &#038; Segelklubb r.f.&#8221; _builder_version=&#8221;4.27.4&#8243; _module_preset=&#8221;default&#8221; title_text_align=&#8221;center&#8221; global_colors_info=&#8221;{}&#8221;][\/et_pb_heading][et_pb_text _builder_version=&#8221;4.27.4&#8243; _module_preset=&#8221;default&#8221; text_text_color=&#8221;#000000&#8243; text_font_size=&#8221;16px&#8221; global_colors_info=&#8221;{}&#8221;]<\/p>\n<p style=\"text-align: center;\">V\u00e4lkommen till DMSK:s webbsidor!<\/p>\n<p style=\"text-align: center;\">H\u00e4r hittar du information om f\u00f6reningens verksamhet, kontaktuppgifter, besiktningar m.m.<\/p>\n<p>[\/et_pb_text][\/et_pb_column][\/et_pb_row][\/et_pb_section][et_pb_section fb_built=&#8221;1&#8243; next_background_color=&#8221;#ffffff&#8221; _builder_version=&#8221;4.27.4&#8243; _module_preset=&#8221;default&#8221; background_color=&#8221;#768EA8&#8243; custom_margin=&#8221;||0px|||&#8221; bottom_divider_style=&#8221;waves&#8221; bottom_divider_height=&#8221;33px&#8221; locked=&#8221;off&#8221; global_colors_info=&#8221;{}&#8221;][et_pb_row _builder_version=&#8221;4.27.4&#8243; _module_preset=&#8221;default&#8221; custom_margin=&#8221;||||false|true&#8221; custom_padding=&#8221;||||false|true&#8221; global_colors_info=&#8221;{}&#8221;][et_pb_column type=&#8221;4_4&#8243; _builder_version=&#8221;4.27.4&#8243; _module_preset=&#8221;default&#8221; background_color=&#8221;#FFFFFF&#8221; custom_padding=&#8221;20px||20px||true|false&#8221; global_colors_info=&#8221;{}&#8221;][et_pb_heading title=&#8221;Aktuellt&#8221; _builder_version=&#8221;4.27.4&#8243; _module_preset=&#8221;default&#8221; title_text_align=&#8221;center&#8221; global_colors_info=&#8221;{}&#8221;][\/et_pb_heading][et_pb_text _builder_version=&#8221;4.27.4&#8243; _module_preset=&#8221;default&#8221; text_text_color=&#8221;#000000&#8243; text_orientation=&#8221;center&#8221; custom_margin=&#8221;|30px||30px|false|true&#8221; custom_padding=&#8221;|0px||0px|false|true&#8221; global_colors_info=&#8221;{}&#8221;]<\/p>\n<h3 style=\"text-align: left;\"><strong>14.4.2026 Kallelse till DMSK:s v\u00e5rm\u00f6te 2026 \/ Kutsu DMSK:n kev\u00e4tkokoukseen 2026<\/strong><\/h3>\n<p style=\"text-align: left;\">Tid\/Aika: Tisdagen\/Tiistaina 14.4.2026 kl\/klo 18.00<\/p>\n<p style=\"text-align: left;\">Plats\/paikka: Strandhotellet, Dalsbruk\/Taalintehdas<\/p>\n<p style=\"text-align: left;\">P\u00e5 m\u00f6tet behandlas de i \u00a7 16 i f\u00f6reningens stadgar n\u00e4mnda \u00e4renden<br \/>Kokouksessa k\u00e4sitell\u00e4\u00e4n yhdistyksen s\u00e4\u00e4nt\u00f6jen \u00a7 16:ss\u00e4 mainitut asiat.<\/p>\n<p style=\"text-align: left;\">Anm\u00e4l dig senast s\u00f6ndag 12.4.2026 per e-post till info@dmsk.fi<br \/>Ilmoittaudu viimeist\u00e4\u00e4n sunnuntaina 12.4.2026 s\u00e4hk\u00f6postitse osoitteeseen info@dmsk.fi<\/p>\n<h3 style=\"text-align: left;\"><\/h3>\n<h3 style=\"text-align: left;\"><strong>18.11.2025 Kallelse till DMSK:s h\u00f6stm\u00f6te 2025 \/ Kutsu DMSK:n syyskokoukseen 2025<\/strong><\/h3>\n<p style=\"text-align: left;\">Tid\/Aika: Tisdagen\/Tiistaina 18.11.2025 kl\/klo 18.00<\/p>\n<p style=\"text-align: left;\">Plats\/paikka: Holmbergs Fisk &amp; Cafe Four C\/Holmbergin Kala &amp; Cafe Four C, Dalsbruk\/Taalintehdas<\/p>\n<p style=\"text-align: left;\">P\u00e5 m\u00f6tet behandlas de i \u00a7 16 i f\u00f6reningens stadgar n\u00e4mnda \u00e4renden<br \/>Kokouksessa k\u00e4sitell\u00e4\u00e4n yhdistyksen s\u00e4\u00e4nt\u00f6jen \u00a7 16:ss\u00e4 mainitut asiat.<\/p>\n<p style=\"text-align: left;\">Anm\u00e4l dig senast s\u00f6ndag 16.11.2025 per e-post till info@dmsk.fi<br \/>Ilmoittaudu viimeist\u00e4\u00e4n sunnuntaina 16.11.2025 s\u00e4hk\u00f6postitse osoitteeseen info@dmsk.fi<\/p>\n<h3 style=\"text-align: left;\"><strong>13.9.2025 Segelt\u00e4vlingen Bruksrundan<\/strong><\/h3>\n<p style=\"text-align: left;\">Nu \u00e4r anm\u00e4lan \u00f6ppen till seglingst\u00e4vlingen <em data-start=\"117\" data-end=\"130\">Bruksrundan<\/em>!<br \/>V\u00e4lkommen att delta \u2013 t\u00e4vlingsinbjudan och f\u00f6reskrifter hittar du under menyn &#8217;Bruksrundan&#8217;.<\/p>\n<h3 style=\"text-align: left;\"><strong>23-24.8.2025 Eskader till Bod\u00f6<\/strong><\/h3>\n<p style=\"text-align: left;\">F\u00f6lj med p\u00e5 eskadern till Bod\u00f6! Mer information finns i infobrevet som skickats via e-post. Anm\u00e4l dig senast den 18 augusti 2025.<\/p>\n<h3 style=\"text-align: left;\"><strong>12.5.2025 Nu \u00e4r det tid att besikta b\u00e5ten inf\u00f6r s\u00e4songen 2025<\/strong><\/h3>\n<p style=\"text-align: left;\">Kontakta n\u00e5gon av klubbens besiktningsm\u00e4n, kontaktuppgifterna hittar du under menyn &#8221;Besiktning&#8221;.<br \/>Kom ih\u00e5g att b\u00e5ten skall besiktas inom juni m\u00e5nad.<\/p>\n<h3 style=\"text-align: left;\"><strong>10.4 .2025 Ruffens otroliga seglatser \u2013 Fr\u00e5n vassb\u00e5t till Arktis<\/strong><\/h3>\n<p style=\"text-align: left;\">Kom och lyssna p\u00e5 Kari &#8221;Ruffe&#8221; Nurmis fantastiska seglings\u00e4ventyr!<br \/>Ruffe kommer att ber\u00e4tta och visa bilder fr\u00e5n sina m\u00e5nga seglatser.<br \/>Det utlovas ett b\u00e5de inspirerande och intressant f\u00f6redrag.<\/p>\n<p style=\"text-align: left;\">F\u00f6redraget h\u00e5lls p\u00e5 finska.<\/p>\n<p style=\"text-align: left;\">Evenemanget \u00e4r \u00f6ppet f\u00f6r alla och intr\u00e4det \u00e4r kostnadsfritt.<\/p>\n<p style=\"text-align: left;\">Kaffe och bulle serveras f\u00f6r 5 EUR.<\/p>\n<p style=\"text-align: left;\">Plats och tid: Dalsbruk Bio Pony, torsdagen 10.4. kl 18.00.<\/p>\n<p style=\"text-align: left;\">S\u00e5 h\u00e4r skriver Ruffe p\u00e5 sin hemsida: <a href=\"https:\/\/www.ruffe.fi\" title=\"Ruffes hemsida\">www.ruffe.fi<\/a><\/p>\n<p style=\"text-align: left;\">Vuoden matkapurjehtijaksi vuonna 2018 valittu Ruffe on kokenut valtameripurjehtija, seikkailija ja omaper\u00e4isten veneily- ja luontohankkeiden tuottaja.<\/p>\n<p style=\"text-align: left;\">Ruffe on saanut Veneilytoimittajat ry:n Vuoden Veneilyteko 2023 -tunnustuksen sek\u00e4 Suomen Purjehdus ja Veneily -liiton Kannamme vastuumme -erikoispalkinnon, omaper\u00e4isten veneily- ja ymp\u00e4rist\u00f6hankkeiden tekij\u00e4n\u00e4 vuonna 2021.<\/p>\n<p style=\"text-align: left;\">Ruffe on Suomen Valtameripurjehtijat ry:n puheenjohtaja sek\u00e4 on Suomen Arktisen klubin j\u00e4sen.<\/p>\n<p>&nbsp;<\/p>\n<p>[\/et_pb_text][\/et_pb_column][\/et_pb_row][\/et_pb_section][et_pb_section fb_built=&#8221;1&#8243; _builder_version=&#8221;4.27.4&#8243; _module_preset=&#8221;default&#8221; max_height=&#8221;100px&#8221; max_height_tablet=&#8221;100px&#8221; max_height_phone=&#8221;100px&#8221; max_height_last_edited=&#8221;on|phone&#8221; custom_padding=&#8221;0px|||||&#8221; global_colors_info=&#8221;{}&#8221;][\/et_pb_section]<\/p>\n","protected":false},"excerpt":{"rendered":"<p>V\u00e4lkommen till DMSK:s webbsidor! H\u00e4r hittar du information om f\u00f6reningens verksamhet, kontaktuppgifter, besiktningar m.m.14.4.2026 Kallelse till DMSK:s v\u00e5rm\u00f6te 2026 \/ Kutsu DMSK:n kev\u00e4tkokoukseen 2026 Tid\/Aika: Tisdagen\/Tiistaina 14.4.2026 kl\/klo 18.00 Plats\/paikka: Strandhotellet, Dalsbruk\/Taalintehdas P\u00e5 m\u00f6tet behandlas de i \u00a7 16 i f\u00f6reningens stadgar n\u00e4mnda \u00e4rendenKokouksessa k\u00e4sitell\u00e4\u00e4n yhdistyksen s\u00e4\u00e4nt\u00f6jen \u00a7 16:ss\u00e4 mainitut asiat. Anm\u00e4l dig senast s\u00f6ndag [&hellip;]<\/p>\n","protected":false},"author":1,"featured_media":0,"parent":0,"menu_order":0,"comment_status":"closed","ping_status":"closed","template":"","meta":{"_et_pb_use_builder":"on","_et_pb_old_content":"","_et_gb_content_width":"","footnotes":""},"class_list":["post-5","page","type-page","status-publish","hentry"],"_links":{"self":[{"href":"https:\/\/dmsk.fi\/fi\/wp-json\/wp\/v2\/pages\/5","targetHints":{"allow":["GET"]}}],"collection":[{"href":"https:\/\/dmsk.fi\/fi\/wp-json\/wp\/v2\/pages"}],"about":[{"href":"https:\/\/dmsk.fi\/fi\/wp-json\/wp\/v2\/types\/page"}],"author":[{"embeddable":true,"href":"https:\/\/dmsk.fi\/fi\/wp-json\/wp\/v2\/users\/1"}],"replies":[{"embeddable":true,"href":"https:\/\/dmsk.fi\/fi\/wp-json\/wp\/v2\/comments?post=5"}],"version-history":[{"count":33,"href":"https:\/\/dmsk.fi\/fi\/wp-json\/wp\/v2\/pages\/5\/revisions"}],"predecessor-version":[{"id":583,"href":"https:\/\/dmsk.fi\/fi\/wp-json\/wp\/v2\/pages\/5\/revisions\/583"}],"wp:attachment":[{"href":"https:\/\/dmsk.fi\/fi\/wp-json\/wp\/v2\/media?parent=5"}],"curies":[{"name":"wp","href":"https:\/\/api.w.org\/{rel}","templated":true}]}}